{"id":1489,"date":"2018-04-27T12:32:46","date_gmt":"2018-04-27T10:32:46","guid":{"rendered":"http:\/\/www.montasio.com\/educazione-nutrizionale\/"},"modified":"2023-09-07T12:16:36","modified_gmt":"2023-09-07T10:16:36","slug":"education-nutritionnelle","status":"publish","type":"page","link":"https:\/\/www.montasio.com\/fr\/education-nutritionnelle\/","title":{"rendered":"\u00c9ducation nutritionnelle"},"content":{"rendered":"\t\t<div data-elementor-type=\"wp-page\" data-elementor-id=\"1489\" class=\"elementor elementor-1489 elementor-25\">\n\t\t\t\t\t\t\t\t\t<section class=\"elementor-section elementor-top-section elementor-element elementor-element-a8eed7f elementor-section-full_width elementor-section-height-min-height elementor-section-height-default elementor-section-items-middle\" data-id=\"a8eed7f\" data-element_type=\"section\" data-settings=\"{&quot;background_background&quot;:&quot;video&quot;,&quot;background_video_link&quot;:&quot;https:\\\/\\\/www.youtube.com\\\/watch?v=QsUYZUv_NiM&quot;}\">\n\t\t\t\t\t\t\t\t<div class=\"elementor-background-video-container elementor-hidden-phone\">\n\t\t\t\t\t\t\t\t\t\t\t\t\t<div class=\"elementor-background-video-embed\"><\/div>\n\t\t\t\t\t\t\t\t\t\t\t\t<\/div>\n\t\t\t\t\t\t\t\t<div class=\"elementor-container elementor-column-gap-default\">\n\t\t\t\t\t<div class=\"elementor-column elementor-col-100 elementor-top-column elementor-element elementor-element-da3aa4e\" data-id=\"da3aa4e\" data-element_type=\"column\">\n\t\t\t<div class=\"elementor-widget-wrap\">\n\t\t\t\t\t\t\t\t\t<\/div>\n\t\t<\/div>\n\t\t\t\t\t\t\t<\/div>\n\t\t<\/section>\n\t\t\t\t<section class=\"elementor-section elementor-top-section elementor-element elementor-element-ae65a92 elementor-section-boxed elementor-section-height-default elementor-section-height-default\" data-id=\"ae65a92\" data-element_type=\"section\">\n\t\t\t\t\t\t<div class=\"elementor-container elementor-column-gap-default\">\n\t\t\t\t\t<div class=\"elementor-column elementor-col-50 elementor-top-column elementor-element elementor-element-efb9aca\" data-id=\"efb9aca\" data-element_type=\"column\">\n\t\t\t<div class=\"elementor-widget-wrap elementor-element-populated\">\n\t\t\t\t\t\t\t\t<div class=\"elementor-element elementor-element-f49951a elementor-widget elementor-widget-heading\" data-id=\"f49951a\" data-element_type=\"widget\" data-widget_type=\"heading.default\">\n\t\t\t\t<div class=\"elementor-widget-container\">\n\t\t\t<style>\/*! elementor - v3.13.3 - 28-05-2023 *\/\n.elementor-heading-title{padding:0;margin:0;line-height:1}.elementor-widget-heading .elementor-heading-title[class*=elementor-size-]>a{color:inherit;font-size:inherit;line-height:inherit}.elementor-widget-heading .elementor-heading-title.elementor-size-small{font-size:15px}.elementor-widget-heading .elementor-heading-title.elementor-size-medium{font-size:19px}.elementor-widget-heading .elementor-heading-title.elementor-size-large{font-size:29px}.elementor-widget-heading .elementor-heading-title.elementor-size-xl{font-size:39px}.elementor-widget-heading .elementor-heading-title.elementor-size-xxl{font-size:59px}<\/style><h2 class=\"elementor-heading-title elementor-size-default\">LE FROMAGE MONTASIO :<\/h2>\t\t<\/div>\n\t\t\t\t<\/div>\n\t\t\t\t<div class=\"elementor-element elementor-element-8a45505 elementor-widget elementor-widget-heading\" data-id=\"8a45505\" data-element_type=\"widget\" data-widget_type=\"heading.default\">\n\t\t\t\t<div class=\"elementor-widget-container\">\n\t\t\t<h3 class=\"elementor-heading-title elementor-size-default\">un \u00e9quilibre pr\u00e9cieux \u00e0 savourer \u00e0 tout moment.\n<\/h3>\t\t<\/div>\n\t\t\t\t<\/div>\n\t\t\t\t<div class=\"elementor-element elementor-element-59bc875 elementor-widget elementor-widget-text-editor\" data-id=\"59bc875\" data-element_type=\"widget\" data-widget_type=\"text-editor.default\">\n\t\t\t\t<div class=\"elementor-widget-container\">\n\t\t\t<style>\/*! elementor - v3.13.3 - 28-05-2023 *\/\n.elementor-widget-text-editor.elementor-drop-cap-view-stacked .elementor-drop-cap{background-color:#69727d;color:#fff}.elementor-widget-text-editor.elementor-drop-cap-view-framed .elementor-drop-cap{color:#69727d;border:3px solid;background-color:transparent}.elementor-widget-text-editor:not(.elementor-drop-cap-view-default) .elementor-drop-cap{margin-top:8px}.elementor-widget-text-editor:not(.elementor-drop-cap-view-default) .elementor-drop-cap-letter{width:1em;height:1em}.elementor-widget-text-editor .elementor-drop-cap{float:left;text-align:center;line-height:1;font-size:50px}.elementor-widget-text-editor .elementor-drop-cap-letter{display:inline-block}<\/style>\t\t\t\t<p>Aux formes parfaites, ni trop grandes, ni trop petites, le Montasio est un fromage que l\u2019on peut consommer aussi bien autour d\u2019une table familiale qu\u2019une table de restaurant. Le Montasio est un fromage \u00e0 haute valeur nutritionnelle se targuant d\u2019une composition \u00e9quilibr\u00e9e : 32-36 % d\u2019eau, 32-34 % de lipides et 24-26 % de prot\u00e9ines.<\/p>\n<p>Et il est bon, voire excellent, pour les personnes de tous \u00e2ges, gr\u00e2ce \u00e0 sa haute digestibilit\u00e9.<\/p>\n<p>Le fromage Montasio est particuli\u00e8rement recommand\u00e9 <strong>pour l\u2019alimentation des enfants,<\/strong> car, gr\u00e2ce \u00e0 son apport \u00e9nerg\u00e9tique et \u00e0 ses principes nutritifs (prot\u00e9ines, calcium, phosphore, fer et vitamines), il favorise une croissance saine et \u00e9quilibr\u00e9e.<\/p>\n\t\t\t\t\t\t<\/div>\n\t\t\t\t<\/div>\n\t\t\t\t<div class=\"elementor-element elementor-element-93e5e61 elementor-widget elementor-widget-image\" data-id=\"93e5e61\" data-element_type=\"widget\" data-widget_type=\"image.default\">\n\t\t\t\t<div class=\"elementor-widget-container\">\n\t\t\t<style>\/*! elementor - v3.13.3 - 28-05-2023 *\/\n.elementor-widget-image{text-align:center}.elementor-widget-image a{display:inline-block}.elementor-widget-image a img[src$=\".svg\"]{width:48px}.elementor-widget-image img{vertical-align:middle;display:inline-block}<\/style>\t\t\t\t\t\t\t\t\t\t\t\t<img decoding=\"async\" loading=\"lazy\" width=\"500\" height=\"578\" src=\"https:\/\/www.montasio.com\/wp-content\/uploads\/2018\/06\/Frico_0057-1.jpg\" class=\"attachment-large size-large wp-image-833\" alt=\"\" srcset=\"https:\/\/www.montasio.com\/wp-content\/uploads\/2018\/06\/Frico_0057-1.jpg 500w, https:\/\/www.montasio.com\/wp-content\/uploads\/2018\/06\/Frico_0057-1-260x300.jpg 260w\" sizes=\"(max-width: 500px) 100vw, 500px\" \/>\t\t\t\t\t\t\t\t\t\t\t\t\t\t\t<\/div>\n\t\t\t\t<\/div>\n\t\t\t\t\t<\/div>\n\t\t<\/div>\n\t\t\t\t<div class=\"elementor-column elementor-col-50 elementor-top-column elementor-element elementor-element-c2ff23b\" data-id=\"c2ff23b\" data-element_type=\"column\">\n\t\t\t<div class=\"elementor-widget-wrap elementor-element-populated\">\n\t\t\t\t\t\t\t\t<div class=\"elementor-element elementor-element-7789422 elementor-widget elementor-widget-text-editor\" data-id=\"7789422\" data-element_type=\"widget\" data-widget_type=\"text-editor.default\">\n\t\t\t\t<div class=\"elementor-widget-container\">\n\t\t\t\t\t\t\t<table class=\"avia-table avia-data-table avia-table-1 avia-builder-el-6 el_before_av_textblock avia-builder-el-first avia_pricing_default \" itemscope=\"itemscope\" itemtype=\"https:\/\/schema.org\/Table\"><tbody><tr class=\"avia-heading-row\"><th class=\"avia-center-col\">VALEURS MOYENNES <br>\nPOUR 100 G<\/th> <th class=\"avia-center-col\">AFFIN\u00c9 2 MOIS<\/th> <th class=\"avia-center-col\">AFFIN\u00c9 6 \/ 7 MOIS<\/th> <th class=\"avia-center-col\">AFFIN\u00c9 10-12 MOIS<\/th><\/tr><tr class=\"\"><td class=\"avia-center-col\">Eau g<\/td><td class=\"avia-center-col\">36<\/td><td class=\"avia-center-col\">34<\/td><td class=\"avia-center-col\">32<\/td><\/tr><tr class=\"\"><td class=\"avia-center-col\">Prot\u00e9ines g<\/td><td class=\"avia-center-col\">24<\/td><td class=\"avia-center-col\">26<\/td><td class=\"avia-center-col\">28<\/td><\/tr><tr class=\"\"><td class=\"avia-center-col\">Mati\u00e8res grasses g<\/td><td class=\"avia-center-col\">32<\/td><td class=\"avia-center-col\">33<\/td><td class=\"avia-center-col\">33<\/td><\/tr><tr class=\"\"><td class=\"avia-center-col\">Acides gras satur\u00e9s g<\/td><td class=\"avia-center-col\">24<\/td><td class=\"avia-center-col\">24<\/td><td class=\"avia-center-col\">25<\/td><\/tr><tr class=\"\"><td class=\"avia-center-col\">Glucides\/Lactose g<\/td><td class=\"avia-center-col\">&gt;0<\/td><td class=\"avia-center-col\">&gt;0<\/td><td class=\"avia-center-col\">&gt;0<\/td><\/tr><tr class=\"\"><td class=\"avia-center-col\">K cal<\/td><td class=\"avia-center-col\">384<\/td><td class=\"avia-center-col\">400<\/td><td class=\"avia-center-col\">418<\/td><\/tr><tr class=\"\"><td class=\"avia-center-col\">K J<\/td><td class=\"avia-center-col\">1592<\/td><td class=\"avia-center-col\">1635<\/td><td class=\"avia-center-col\">1697<\/td><\/tr><tr class=\"\"><td class=\"avia-center-col\">Ca mg<\/td><td class=\"avia-center-col\">740<\/td><td class=\"avia-center-col\">790<\/td><td class=\"avia-center-col\">850<\/td><\/tr><tr class=\"\"><td class=\"avia-center-col\">P mg<\/td><td class=\"avia-center-col\">530<\/td><td class=\"avia-center-col\">508<\/td><td class=\"avia-center-col\">620<\/td><\/tr><tr class=\"\"><td class=\"avia-center-col\">rapport Ca\/P<\/td><td class=\"avia-center-col\">1,4<\/td><td class=\"avia-center-col\">1,4<\/td><td class=\"avia-center-col\">1,4<\/td><\/tr><tr class=\"\"><td class=\"avia-center-col\">NaCl g<\/td><td class=\"avia-center-col\">1.6<\/td><td class=\"avia-center-col\">1.7<\/td><td class=\"avia-center-col\">1.9<\/td><\/tr><tr class=\"\"><td class=\"avia-center-col\">Vit. A ug<\/td><td class=\"avia-center-col\">418<\/td><td class=\"avia-center-col\">410<\/td><td class=\"avia-center-col\">407<\/td><\/tr><tr class=\"\"><td class=\"avia-center-col\">Vit. B \u2013 carot\u00e8ne ug<\/td><td class=\"avia-center-col\">109<\/td><td class=\"avia-center-col\">98<\/td><td class=\"avia-center-col\">90<\/td><\/tr><tr class=\"\"><td class=\"avia-center-col\">Vit. E ug<\/td><td class=\"avia-center-col\">455<\/td><td class=\"avia-center-col\">680<\/td><td class=\"avia-center-col\">928<\/td><\/tr><\/tbody><\/table>\t\t\t\t\t\t<\/div>\n\t\t\t\t<\/div>\n\t\t\t\t<div class=\"elementor-element elementor-element-32a1c71 elementor-widget elementor-widget-text-editor\" data-id=\"32a1c71\" data-element_type=\"widget\" data-widget_type=\"text-editor.default\">\n\t\t\t\t<div class=\"elementor-widget-container\">\n\t\t\t\t\t\t\t<p>Les vitamines sont exprim\u00e9es en microgrammes pour 100 g de fromage Montasio<br \/>Les sels min\u00e9raux sont exprim\u00e9s en milligrammes pour 100 g de fromage Montasio<\/p>\n\t\t\t\t\t\t<\/div>\n\t\t\t\t<\/div>\n\t\t\t\t\t<\/div>\n\t\t<\/div>\n\t\t\t\t\t\t\t<\/div>\n\t\t<\/section>\n\t\t\t\t<section class=\"elementor-section elementor-top-section elementor-element elementor-element-f9ce22c elementor-section-boxed elementor-section-height-default elementor-section-height-default\" data-id=\"f9ce22c\" data-element_type=\"section\">\n\t\t\t\t\t\t<div class=\"elementor-container elementor-column-gap-default\">\n\t\t\t\t\t<div class=\"elementor-column elementor-col-100 elementor-top-column elementor-element elementor-element-d402223\" data-id=\"d402223\" data-element_type=\"column\">\n\t\t\t<div class=\"elementor-widget-wrap elementor-element-populated\">\n\t\t\t\t\t\t\t\t<div class=\"elementor-element elementor-element-3c825f8 elementor-widget elementor-widget-heading\" data-id=\"3c825f8\" data-element_type=\"widget\" data-widget_type=\"heading.default\">\n\t\t\t\t<div class=\"elementor-widget-container\">\n\t\t\t<h2 class=\"elementor-heading-title elementor-size-default\">OFFREZ-VOUS UN INSTANT SAVOUREUX \u00c0 N\u2019IMPORTE QUEL MOMENT DE LA JOURN\u00c9E<\/h2>\t\t<\/div>\n\t\t\t\t<\/div>\n\t\t\t\t<div class=\"elementor-element elementor-element-076012e elementor-widget elementor-widget-heading\" data-id=\"076012e\" data-element_type=\"widget\" data-widget_type=\"heading.default\">\n\t\t\t\t<div class=\"elementor-widget-container\">\n\t\t\t<h3 class=\"elementor-heading-title elementor-size-default\">Le fromage Montasio saura trouver sa place dans tous les plats de la journ\u00e9e :\n<\/h3>\t\t<\/div>\n\t\t\t\t<\/div>\n\t\t\t\t<section class=\"elementor-section elementor-inner-section elementor-element elementor-element-8bd424a elementor-section-boxed elementor-section-height-default elementor-section-height-default\" data-id=\"8bd424a\" data-element_type=\"section\">\n\t\t\t\t\t\t<div class=\"elementor-container elementor-column-gap-default\">\n\t\t\t\t\t<div class=\"elementor-column elementor-col-50 elementor-inner-column elementor-element elementor-element-b68cdfe\" data-id=\"b68cdfe\" data-element_type=\"column\">\n\t\t\t<div class=\"elementor-widget-wrap elementor-element-populated\">\n\t\t\t\t\t\t\t\t<div class=\"elementor-element elementor-element-338d776 elementor-widget elementor-widget-image\" data-id=\"338d776\" data-element_type=\"widget\" data-widget_type=\"image.default\">\n\t\t\t\t<div class=\"elementor-widget-container\">\n\t\t\t\t\t\t\t\t\t\t\t\t\t\t\t<img decoding=\"async\" loading=\"lazy\" width=\"1030\" height=\"712\" src=\"https:\/\/www.montasio.com\/wp-content\/uploads\/2018\/06\/Montasio-gourmet_1071-1030x712.jpg\" class=\"attachment-large size-large wp-image-766\" alt=\"\" srcset=\"https:\/\/www.montasio.com\/wp-content\/uploads\/2018\/06\/Montasio-gourmet_1071-1030x712.jpg 1030w, https:\/\/www.montasio.com\/wp-content\/uploads\/2018\/06\/Montasio-gourmet_1071-300x207.jpg 300w, https:\/\/www.montasio.com\/wp-content\/uploads\/2018\/06\/Montasio-gourmet_1071-768x531.jpg 768w, https:\/\/www.montasio.com\/wp-content\/uploads\/2018\/06\/Montasio-gourmet_1071.jpg 1500w, https:\/\/www.montasio.com\/wp-content\/uploads\/2018\/06\/Montasio-gourmet_1071-705x487.jpg 705w, https:\/\/www.montasio.com\/wp-content\/uploads\/2018\/06\/Montasio-gourmet_1071-600x415.jpg 600w\" sizes=\"(max-width: 1030px) 100vw, 1030px\" \/>\t\t\t\t\t\t\t\t\t\t\t\t\t\t\t<\/div>\n\t\t\t\t<\/div>\n\t\t\t\t<div class=\"elementor-element elementor-element-56a23e6 elementor-widget elementor-widget-text-editor\" data-id=\"56a23e6\" data-element_type=\"widget\" data-widget_type=\"text-editor.default\">\n\t\t\t\t<div class=\"elementor-widget-container\">\n\t\t\t\t\t\t\t<p>Au petit-d\u00e9jeuner et au go\u00fbter<\/p>\n\t\t\t\t\t\t<\/div>\n\t\t\t\t<\/div>\n\t\t\t\t<div class=\"elementor-element elementor-element-3f43d6c elementor-widget elementor-widget-text-editor\" data-id=\"3f43d6c\" data-element_type=\"widget\" data-widget_type=\"text-editor.default\">\n\t\t\t\t<div class=\"elementor-widget-container\">\n\t\t\t\t\t\t\t<p>50 g de Montasio, accompagn\u00e9s d\u2019un peu de salade et de pain complet, suffisent pour vous apporter toute l\u2019\u00e9nergie dont vous avez besoin pour commencer la journ\u00e9e ou reprendre de plus belle.<\/p>\n\t\t\t\t\t\t<\/div>\n\t\t\t\t<\/div>\n\t\t\t\t\t<\/div>\n\t\t<\/div>\n\t\t\t\t<div class=\"elementor-column elementor-col-50 elementor-inner-column elementor-element elementor-element-8537044\" data-id=\"8537044\" data-element_type=\"column\">\n\t\t\t<div class=\"elementor-widget-wrap elementor-element-populated\">\n\t\t\t\t\t\t\t\t<div class=\"elementor-element elementor-element-e0d5de4 elementor-widget elementor-widget-image\" data-id=\"e0d5de4\" data-element_type=\"widget\" data-widget_type=\"image.default\">\n\t\t\t\t<div class=\"elementor-widget-container\">\n\t\t\t\t\t\t\t\t\t\t\t\t\t\t\t<img decoding=\"async\" loading=\"lazy\" width=\"1030\" height=\"712\" src=\"https:\/\/www.montasio.com\/wp-content\/uploads\/2018\/06\/pranzo-1030x712.jpg\" class=\"attachment-large size-large wp-image-841\" alt=\"\" srcset=\"https:\/\/www.montasio.com\/wp-content\/uploads\/2018\/06\/pranzo.jpg 1030w, https:\/\/www.montasio.com\/wp-content\/uploads\/2018\/06\/pranzo-300x207.jpg 300w, https:\/\/www.montasio.com\/wp-content\/uploads\/2018\/06\/pranzo-768x531.jpg 768w, https:\/\/www.montasio.com\/wp-content\/uploads\/2018\/06\/pranzo-705x487.jpg 705w, https:\/\/www.montasio.com\/wp-content\/uploads\/2018\/06\/pranzo-600x415.jpg 600w\" sizes=\"(max-width: 1030px) 100vw, 1030px\" \/>\t\t\t\t\t\t\t\t\t\t\t\t\t\t\t<\/div>\n\t\t\t\t<\/div>\n\t\t\t\t<div class=\"elementor-element elementor-element-60e790c elementor-widget elementor-widget-text-editor\" data-id=\"60e790c\" data-element_type=\"widget\" data-widget_type=\"text-editor.default\">\n\t\t\t\t<div class=\"elementor-widget-container\">\n\t\t\t\t\t\t\tAu d\u00e9jeuner et au d\u00eener\n\t\t\t\t\t\t<\/div>\n\t\t\t\t<\/div>\n\t\t\t\t<div class=\"elementor-element elementor-element-f97b226 elementor-widget elementor-widget-text-editor\" data-id=\"f97b226\" data-element_type=\"widget\" data-widget_type=\"text-editor.default\">\n\t\t\t\t<div class=\"elementor-widget-container\">\n\t\t\t\t\t\t\t<p>Mangez-le sans aucun regret 2 \u00e0 3 fois par semaine, avec de la polenta, des l\u00e9gumes cuits ou crus\u2026 ou m\u00eame des fruits ! Mais \u00e9vitez de l\u2019utiliser pour compl\u00e9ter un plat de charcuteries !<\/p>\n\t\t\t\t\t\t<\/div>\n\t\t\t\t<\/div>\n\t\t\t\t\t<\/div>\n\t\t<\/div>\n\t\t\t\t\t\t\t<\/div>\n\t\t<\/section>\n\t\t\t\t\t<\/div>\n\t\t<\/div>\n\t\t\t\t\t\t\t<\/div>\n\t\t<\/section>\n\t\t\t\t<section class=\"elementor-section elementor-top-section elementor-element elementor-element-dada222 elementor-section-boxed elementor-section-height-default elementor-section-height-default\" data-id=\"dada222\" data-element_type=\"section\">\n\t\t\t\t\t\t<div class=\"elementor-container elementor-column-gap-default\">\n\t\t\t\t\t<div class=\"elementor-column elementor-col-100 elementor-top-column elementor-element elementor-element-e0248d9\" data-id=\"e0248d9\" data-element_type=\"column\">\n\t\t\t<div class=\"elementor-widget-wrap elementor-element-populated\">\n\t\t\t\t\t\t\t\t<div class=\"elementor-element elementor-element-32b6065 elementor-widget elementor-widget-heading\" data-id=\"32b6065\" data-element_type=\"widget\" data-widget_type=\"heading.default\">\n\t\t\t\t<div class=\"elementor-widget-container\">\n\t\t\t<h2 class=\"elementor-heading-title elementor-size-default\">POUR LE BIEN-\u00caTRE DE TOUS\n<\/h2>\t\t<\/div>\n\t\t\t\t<\/div>\n\t\t\t\t<section class=\"elementor-section elementor-inner-section elementor-element elementor-element-1e6cade elementor-section-boxed elementor-section-height-default elementor-section-height-default\" data-id=\"1e6cade\" data-element_type=\"section\">\n\t\t\t\t\t\t<div class=\"elementor-container elementor-column-gap-default\">\n\t\t\t\t\t<div class=\"elementor-column elementor-col-50 elementor-inner-column elementor-element elementor-element-7a7b3d7\" data-id=\"7a7b3d7\" data-element_type=\"column\">\n\t\t\t<div class=\"elementor-widget-wrap elementor-element-populated\">\n\t\t\t\t\t\t\t\t<div class=\"elementor-element elementor-element-4aafc4b elementor-widget elementor-widget-text-editor\" data-id=\"4aafc4b\" data-element_type=\"widget\" data-widget_type=\"text-editor.default\">\n\t\t\t\t<div class=\"elementor-widget-container\">\n\t\t\t\t\t\t\t<p><strong>SANS LACTOSE, POUR LE PLAISIR DE TOUS<\/strong><\/p>\n<p>M\u00eame les personnes intol\u00e9rantes au lactose pourront conna\u00eetre le plaisir de savourer un fromage sans en souffrir.<\/p>\n<p>En effet, certains produits laitiers ne contiennent pas de lactose, comme a pu le d\u00e9montrer l\u2019\u00e9tude \u00ab Composition des fromages AOP italiens \u00bb. Dans certains fromages affin\u00e9s, certaines bact\u00e9ries capables d\u2019\u00e9liminer le lactose pour le transformer en acide lactique sont ajout\u00e9es au fromage durant la phase de production.<\/p>\n<p><strong>Le Montasio ayant \u00e9t\u00e9 affin\u00e9 plus de 60 jours est donc exempt de lactose<\/strong> et convient \u00e9galement aux personnes intol\u00e9rantes \u00e0 ce sucre.<\/p>\n<p>Les analyses de laboratoire ont montr\u00e9 que la pr\u00e9sence de lactose dans le Montasio \u00e9tait inf\u00e9rieure \u00e0 0,01 g pour 100 g de fromage, soit 10 fois moins que la limite fix\u00e9e par les l\u00e9gislations nationale et europ\u00e9enne.<\/p>\n\t\t\t\t\t\t<\/div>\n\t\t\t\t<\/div>\n\t\t\t\t\t<\/div>\n\t\t<\/div>\n\t\t\t\t<div class=\"elementor-column elementor-col-50 elementor-inner-column elementor-element elementor-element-a489a15\" data-id=\"a489a15\" data-element_type=\"column\">\n\t\t\t<div class=\"elementor-widget-wrap elementor-element-populated\">\n\t\t\t\t\t\t\t\t<div class=\"elementor-element elementor-element-fbbfec2 elementor-widget elementor-widget-image\" data-id=\"fbbfec2\" data-element_type=\"widget\" data-widget_type=\"image.default\">\n\t\t\t\t<div class=\"elementor-widget-container\">\n\t\t\t\t\t\t\t\t\t\t\t\t\t\t\t<img decoding=\"async\" loading=\"lazy\" width=\"670\" height=\"898\" src=\"https:\/\/www.montasio.com\/wp-content\/uploads\/2018\/06\/12mesi.jpg\" class=\"attachment-large size-large wp-image-837\" alt=\"\" srcset=\"https:\/\/www.montasio.com\/wp-content\/uploads\/2018\/06\/12mesi.jpg 670w, https:\/\/www.montasio.com\/wp-content\/uploads\/2018\/06\/12mesi-224x300.jpg 224w, https:\/\/www.montasio.com\/wp-content\/uploads\/2018\/06\/12mesi-526x705.jpg 526w, https:\/\/www.montasio.com\/wp-content\/uploads\/2018\/06\/12mesi-600x804.jpg 600w\" sizes=\"(max-width: 670px) 100vw, 670px\" \/>\t\t\t\t\t\t\t\t\t\t\t\t\t\t\t<\/div>\n\t\t\t\t<\/div>\n\t\t\t\t\t<\/div>\n\t\t<\/div>\n\t\t\t\t\t\t\t<\/div>\n\t\t<\/section>\n\t\t\t\t\t<\/div>\n\t\t<\/div>\n\t\t\t\t\t\t\t<\/div>\n\t\t<\/section>\n\t\t\t\t\t\t\t<\/div>\n\t\t","protected":false},"excerpt":{"rendered":"","protected":false},"author":6,"featured_media":0,"parent":0,"menu_order":0,"comment_status":"closed","ping_status":"closed","template":"elementor_header_footer","meta":{"footnotes":""},"acf":[],"_links":{"self":[{"href":"https:\/\/www.montasio.com\/fr\/wp-json\/wp\/v2\/pages\/1489"}],"collection":[{"href":"https:\/\/www.montasio.com\/fr\/wp-json\/wp\/v2\/pages"}],"about":[{"href":"https:\/\/www.montasio.com\/fr\/wp-json\/wp\/v2\/types\/page"}],"author":[{"embeddable":true,"href":"https:\/\/www.montasio.com\/fr\/wp-json\/wp\/v2\/users\/6"}],"replies":[{"embeddable":true,"href":"https:\/\/www.montasio.com\/fr\/wp-json\/wp\/v2\/comments?post=1489"}],"version-history":[{"count":7,"href":"https:\/\/www.montasio.com\/fr\/wp-json\/wp\/v2\/pages\/1489\/revisions"}],"predecessor-version":[{"id":9083,"href":"https:\/\/www.montasio.com\/fr\/wp-json\/wp\/v2\/pages\/1489\/revisions\/9083"}],"wp:attachment":[{"href":"https:\/\/www.montasio.com\/fr\/wp-json\/wp\/v2\/media?parent=1489"}],"curies":[{"name":"wp","href":"https:\/\/api.w.org\/{rel}","templated":true}]}}