{"id":1510,"date":"2018-04-27T12:32:00","date_gmt":"2018-04-27T10:32:00","guid":{"rendered":"http:\/\/www.montasio.com\/momenti-montasio\/"},"modified":"2018-11-30T09:51:00","modified_gmt":"2018-11-30T08:51:00","slug":"instants-montasio","status":"publish","type":"page","link":"https:\/\/www.montasio.com\/fr\/instants-montasio\/","title":{"rendered":"Instants Montasio"},"content":{"rendered":"<\/div><\/div><\/div><!-- close content main div --><\/div><\/div><div id='full_slider_1' class='avia-fullwidth-slider main_color avia-shadow   container_wrap fullsize'   ><div  data-size='featured'  data-lightbox_size='large'  data-animation='slide'  data-ids='619'  data-video_counter='0'  data-autoplay='false'  data-bg_slider='false'  data-slide_height=''  data-handle='av_slideshow_full'  data-interval='5'  data-class=' '  data-css_id=''  data-scroll_down=''  data-control_layout='av-control-hidden'  data-custom_markup=''  data-perma_caption=''  data-autoplay_stopper=''  data-image_attachment=''  data-min_height='0px'  data-src=''  data-position='top left'  data-repeat='no-repeat'  data-attach='scroll'  data-stretch=''  data-default-height='28.666666666667'  class='avia-slideshow avia-slideshow-1  av-control-hidden av-default-height-applied avia-slideshow-featured av_slideshow_full   avia-slide-slider '  itemprop=\"ImageObject\" itemscope=\"itemscope\" itemtype=\"https:\/\/schema.org\/ImageObject\" ><ul class='avia-slideshow-inner' style='padding-bottom: 29.881862404448%;'><li  class=' av-single-slide slide-1 ' ><div data-rel='slideshow-1' class='avia-slide-wrap'  ><img src='https:\/\/www.montasio.com\/wp-content\/uploads\/2018\/06\/header_momenti-1439x430.jpg' width='1439' height='430' title='header_momenti' alt=''  itemprop=\"thumbnailUrl\"   \/><\/div><\/li><\/ul><\/div><\/div>\n<div class=\"flex_column av_one_full  av-animated-generic bottom-to-top  flex_column_div av-zero-column-padding first  \" style='border-radius:0px; '><div style='padding-bottom:10px; ' class='av-special-heading av-special-heading-h1  blockquote modern-quote modern-centered  '><h1 class='av-special-heading-tag '  itemprop=\"headline\"  >INSTANTS MONTASIO<\/h1><div class ='av-subheading av-subheading_below  ' style='font-size:18px;'><p>DES INSTANTS PRIVIL\u00c9GI\u00c9S, CONSACR\u00c9S AU GO\u00dbT&#8230; ET AU BIEN-\u00caTRE\u2009!<\/p>\n<\/div><div class='special-heading-border'><div class='special-heading-inner-border' ><\/div><\/div><\/div><\/div><div class=\"flex_column av_one_fourth  av-hide-on-mobile  flex_column_div av-zero-column-padding first  \" style='border-radius:0px; '><\/div><\/p>\n<div class=\"flex_column av_one_half  av-animated-generic bottom-to-top  flex_column_div av-zero-column-padding   \" style='border-radius:0px; '><section class=\"av_textblock_section \"  itemscope=\"itemscope\" itemtype=\"https:\/\/schema.org\/CreativeWork\" ><div class='avia_textblock  '   itemprop=\"text\" ><h2 style=\"text-align: center;\"><strong>Toute excuse est bonne pour vous accorder \u00e0 n<\/strong><strong>\u2019<\/strong><strong>importe quel moment de la journ\u00e9e cet instant d\u00e9di\u00e9 \u00e0 un plaisir unique\u00a0: le go\u00fbt du fromage Montasio.<\/strong><\/h2>\n<p style=\"text-align: center;\">Si vous aimez commencer la journ\u00e9e avec un <strong>petit-d\u00e9jeuner<\/strong> continental, le Montasio est id\u00e9al pour partir du bon pied, tandis qu\u2019il saura ravir vos convives les jours de f\u00eate, au moment du brunch, pour son go\u00fbt riche et sa saveur intense. Pour savourer pleinement le go\u00fbt et l\u2019\u00e2me du Montasio fresco (frais), accompagnez-le tout simplement d\u2019une bouch\u00e9e de pain. Et si vous n\u2019avez pas peur d\u2019oser les m\u00e9langes sucr\u00e9s-sal\u00e9s, savourez votre Montasio<\/p>\n<\/div><\/section><\/div><\/div><\/div><\/div><!-- close content main div --><\/div><\/div><div id='av_section_1' class='avia-section main_color avia-section-default avia-no-border-styling avia-full-stretch avia-bg-style-fixed   av-minimum-height av-minimum-height-50 container_wrap fullsize' style = 'background-repeat: no-repeat; background-image: url(https:\/\/www.montasio.com\/wp-content\/uploads\/2018\/06\/colazione.jpg);background-attachment: fixed; background-position: center center; ' data-section-bg-repeat='stretch' ><div class='container' ><div class='template-page content  av-content-full alpha units'><div class='post-entry post-entry-type-page post-entry-1510'><div class='entry-content-wrapper clearfix'><\/p>\n<div class=\"flex_column av_one_fourth  av-hide-on-mobile  flex_column_div av-zero-column-padding first  \" style='border-radius:0px; '><\/div>\n<div class=\"flex_column av_one_half  av-animated-generic bottom-to-top  flex_column_div av-zero-column-padding   \" style='border-radius:0px; '><section class=\"av_textblock_section \"  itemscope=\"itemscope\" itemtype=\"https:\/\/schema.org\/CreativeWork\" ><div class='avia_textblock  '   itemprop=\"text\" ><h2 style=\"text-align: center;\">Au travail<\/h2>\n<p style=\"text-align: center;\">Lorsque votre concentration commence \u00e0 faiblir, conc\u00e9dez-vous une <strong>pause<\/strong> \u00e0 base de fromage Montasio pour faire le plein d\u2019\u00e9nergie. Et pour vous faciliter cet instant, nous avons sp\u00e9cialement d\u00e9clin\u00e9 pour vous le Montasio au format snack sous vide. Ce format innovant et pratique a fait l\u2019unanimit\u00e9 chez les mamans, qui l\u2019ajoutent volontiers dans la bo\u00eete \u00e0<strong> go\u00fbter<\/strong> de leurs enfants lorsqu\u2019ils sont \u00e0 l\u2019\u00e9cole.<\/p>\n<\/div><\/section><\/div><\/div><\/div><\/div><!-- close content main div --><\/div><\/div><div id='av_section_2' class='avia-section main_color avia-section-default avia-no-border-styling avia-full-stretch avia-bg-style-fixed   av-minimum-height av-minimum-height-50 container_wrap fullsize' style = 'background-repeat: no-repeat; background-image: url(https:\/\/www.montasio.com\/wp-content\/uploads\/2018\/06\/break.jpg);background-attachment: fixed; background-position: center center; ' data-section-bg-repeat='stretch' ><div class='container' ><div class='template-page content  av-content-full alpha units'><div class='post-entry post-entry-type-page post-entry-1510'><div class='entry-content-wrapper clearfix'><\/p>\n<div class=\"flex_column av_one_fourth  av-hide-on-mobile  flex_column_div av-zero-column-padding first  \" style='border-radius:0px; '><\/div>\n<div class=\"flex_column av_one_half  av-animated-generic bottom-to-top  flex_column_div av-zero-column-padding   \" style='border-radius:0px; '><section class=\"av_textblock_section \"  itemscope=\"itemscope\" itemtype=\"https:\/\/schema.org\/CreativeWork\" ><div class='avia_textblock  '   itemprop=\"text\" ><h2 style=\"text-align: center;\">Au d\u00e9jeuner<\/h2>\n<p style=\"text-align: center;\">Lorsque vous avez pass\u00e9 une dure matin\u00e9e, la pause d\u00e9jeuner devient ce moment privil\u00e9gi\u00e9<strong> vous permettant de vous ressourcer avant de reprendre de plus belle<\/strong>\u00a0! Pour r\u00e9cup\u00e9rer des efforts de la matin\u00e9e sans vous alourdir, optez pour un morceau de fromage Montasio et vous \u00eates pr\u00eat \u00e0 repartir. Et pour rehausser le go\u00fbt de vos salades pr\u00e9f\u00e9r\u00e9es, ajoutez-y des copeaux de Montasio, pour vivre une explosion de saveurs\u00a0!<\/p>\n<\/div><\/section><\/div><\/div><\/div><\/div><!-- close content main div --><\/div><\/div><div id='av_section_3' class='avia-section main_color avia-section-default avia-no-border-styling avia-full-stretch avia-bg-style-fixed   av-minimum-height av-minimum-height-50 container_wrap fullsize' style = 'background-repeat: no-repeat; background-image: url(https:\/\/www.montasio.com\/wp-content\/uploads\/2018\/06\/pranzo-1.jpg);background-attachment: fixed; background-position: center center; ' data-section-bg-repeat='stretch' ><div class='container' ><div class='template-page content  av-content-full alpha units'><div class='post-entry post-entry-type-page post-entry-1510'><div class='entry-content-wrapper clearfix'><\/p>\n<div class=\"flex_column av_one_fourth  av-hide-on-mobile  flex_column_div av-zero-column-padding first  \" style='border-radius:0px; '><\/div>\n<div class=\"flex_column av_one_half  av-animated-generic bottom-to-top  flex_column_div av-zero-column-padding   \" style='border-radius:0px; '><section class=\"av_textblock_section \"  itemscope=\"itemscope\" itemtype=\"https:\/\/schema.org\/CreativeWork\" ><div class='avia_textblock  '   itemprop=\"text\" ><h2 style=\"text-align: center;\">Au sport<\/h2>\n<p style=\"text-align: center;\">Si vous \u00eates une <strong>personne sportive<\/strong>, le fromage Montasio saura \u00eatre le parfait alli\u00e9 de votre r\u00e9gime alimentaire. En effet, gr\u00e2ce \u00e0 sa haute teneur en prot\u00e9ines et \u00e0 ses riches nutriments, il saura contribuer \u00e0 une alimentation saine et \u00e9quilibr\u00e9e. Avant ou apr\u00e8s l\u2019entra\u00eenement, le Montasio vous fournira la juste dose d\u2019\u00e9nergie, vous permettant d\u2019am\u00e9liorer \u00e0 coup s\u00fbr vos performances.<\/p>\n<\/div><\/section><\/div><\/div><\/div><\/div><!-- close content main div --><\/div><\/div><div id='av_section_4' class='avia-section main_color avia-section-default avia-no-border-styling avia-full-stretch avia-bg-style-fixed   av-minimum-height av-minimum-height-50 container_wrap fullsize' style = 'background-repeat: no-repeat; background-image: url(https:\/\/www.montasio.com\/wp-content\/uploads\/2018\/06\/sport.jpg);background-attachment: fixed; background-position: center center; ' data-section-bg-repeat='stretch' ><div class='container' ><div class='template-page content  av-content-full alpha units'><div class='post-entry post-entry-type-page post-entry-1510'><div class='entry-content-wrapper clearfix'><\/p>\n<div class=\"flex_column av_one_fourth  av-hide-on-mobile  flex_column_div av-zero-column-padding first  \" style='border-radius:0px; '><\/div>\n<div class=\"flex_column av_one_half  av-animated-generic bottom-to-top  flex_column_div av-zero-column-padding   \" style='border-radius:0px; '><section class=\"av_textblock_section \"  itemscope=\"itemscope\" itemtype=\"https:\/\/schema.org\/CreativeWork\" ><div class='avia_textblock  '   itemprop=\"text\" ><h2 style=\"text-align: center;\">\u00c0 l&rsquo;ap\u00e9ritif<\/h2>\n<p style=\"text-align: center;\">\u00c0 l\u2019heure de l\u2019<strong>ap\u00e9ritif<\/strong>, pourquoi ne pas en profiter pour rencontrer vos amis de longue date en centre-ville\u00a0? Et pour d\u00e9compresser tout en vous mettant en app\u00e9tit, choisissez d\u2019accompagner votre verre de Montasio. Et pour mieux appr\u00e9cier le Montasio Stravecchio (extravieux), savourez-le avec un bon verre de vin rouge. Ou encore, si la soir\u00e9e s\u2019annonce festive, d\u00e9coupez un morceau Montasio fresco en fines allumettes pour accompagner un vin blanc ou p\u00e9tillant.<\/p>\n<\/div><\/section><\/div><\/div><\/div><\/div><!-- close content main div --><\/div><\/div><div id='av_section_5' class='avia-section main_color avia-section-default avia-no-border-styling avia-full-stretch avia-bg-style-fixed   av-minimum-height av-minimum-height-50 container_wrap fullsize' style = 'background-repeat: no-repeat; background-image: url(https:\/\/www.montasio.com\/wp-content\/uploads\/2018\/06\/montasio_gourmet.jpg);background-attachment: fixed; background-position: center center; ' data-section-bg-repeat='stretch' ><div class='container' ><div class='template-page content  av-content-full alpha units'><div class='post-entry post-entry-type-page post-entry-1510'><div class='entry-content-wrapper clearfix'><\/p>\n<div class=\"flex_column av_one_fourth  av-hide-on-mobile  flex_column_div av-zero-column-padding first  \" style='border-radius:0px; '><\/div>\n<div class=\"flex_column av_one_half  av-animated-generic bottom-to-top  flex_column_div av-zero-column-padding   \" style='border-radius:0px; '><section class=\"av_textblock_section \"  itemscope=\"itemscope\" itemtype=\"https:\/\/schema.org\/CreativeWork\" ><div class='avia_textblock  '   itemprop=\"text\" ><h2 style=\"text-align: center;\">Au d\u00eener<\/h2>\n<p style=\"text-align: center;\">Si un soir vous d\u00e9cidez de sortir pour le <strong>d\u00eener<\/strong>, les occasions d\u2019appr\u00e9cier le Montasio ne risqueront pas de manquer, car les chefs les plus r\u00e9put\u00e9s n\u2019h\u00e9sitent pas \u00e0 faire de lui la star de leur menu. Et si vous optez plut\u00f4t pour rester chez vous, laissez-lui toujours une place sp\u00e9ciale dans votre cuisine, car il saura rehausser le go\u00fbt de vos recettes pr\u00e9f\u00e9r\u00e9es. D\u2019ailleurs, si vous souhaitez ajouter cette touche de saveur finale \u00e0 la sauce tomate qui accompagne vos p\u00e2tes, vous pouvez y r\u00e2per du Montasio Stravecchio. Et si l\u2019inspiration vous manque, n\u2019h\u00e9sitez pas \u00e0 consulter nos recettes\u00a0!<\/p>\n<\/div><\/section><\/div><\/div><\/div><\/div><!-- close content main div --><\/div><\/div><div id='av_section_6' class='avia-section main_color avia-section-default avia-no-border-styling avia-full-stretch avia-bg-style-fixed   av-minimum-height av-minimum-height-50 container_wrap fullsize' style = 'background-repeat: no-repeat; background-image: url(https:\/\/www.montasio.com\/wp-content\/uploads\/2018\/06\/cena.jpg);background-attachment: fixed; background-position: center center; ' data-section-bg-repeat='stretch' ><div class='container' ><div class='template-page content  av-content-full alpha units'><div class='post-entry post-entry-type-page post-entry-1510'><div class='entry-content-wrapper clearfix'><\/p>\n","protected":false},"excerpt":{"rendered":"","protected":false},"author":6,"featured_media":0,"parent":0,"menu_order":0,"comment_status":"closed","ping_status":"closed","template":"","meta":{"footnotes":""},"acf":[],"_links":{"self":[{"href":"https:\/\/www.montasio.com\/fr\/wp-json\/wp\/v2\/pages\/1510"}],"collection":[{"href":"https:\/\/www.montasio.com\/fr\/wp-json\/wp\/v2\/pages"}],"about":[{"href":"https:\/\/www.montasio.com\/fr\/wp-json\/wp\/v2\/types\/page"}],"author":[{"embeddable":true,"href":"https:\/\/www.montasio.com\/fr\/wp-json\/wp\/v2\/users\/6"}],"replies":[{"embeddable":true,"href":"https:\/\/www.montasio.com\/fr\/wp-json\/wp\/v2\/comments?post=1510"}],"version-history":[{"count":0,"href":"https:\/\/www.montasio.com\/fr\/wp-json\/wp\/v2\/pages\/1510\/revisions"}],"wp:attachment":[{"href":"https:\/\/www.montasio.com\/fr\/wp-json\/wp\/v2\/media?parent=1510"}],"curies":[{"name":"wp","href":"https:\/\/api.w.org\/{rel}","templated":true}]}}