{"id":6787,"date":"2022-03-18T10:32:09","date_gmt":"2022-03-18T09:32:09","guid":{"rendered":"http:\/\/www.montasio.com\/gd\/"},"modified":"2023-09-05T17:29:52","modified_gmt":"2023-09-05T15:29:52","slug":"gd","status":"publish","type":"page","link":"https:\/\/www.montasio.com\/fr\/gd\/","title":{"rendered":"GD"},"content":{"rendered":"<\/div><\/div><\/div><!-- close content main div --><\/div><\/div><div id='av_section_1' class='avia-section main_color avia-section-default avia-no-shadow avia-full-stretch avia-bg-style-scroll    av-minimum-height av-minimum-height-custom container_wrap fullsize' style = 'background-repeat: no-repeat; background-image: url(https:\/\/www.montasio.com\/wp-content\/uploads\/2023\/08\/Natale-in-bianco-1-2.jpg);background-attachment: scroll; background-position: center center; ' data-section-bg-repeat='stretch' ><div class='container' style='height:650px'><div class='template-page content  av-content-full alpha units'><div class='post-entry post-entry-type-page post-entry-6787'><div class='entry-content-wrapper clearfix'>\n<div style='padding-bottom:40px; ' class='av-special-heading av-special-heading-h1  blockquote modern-quote modern-centered   '><h1 class='av-special-heading-tag '  itemprop=\"headline\"  >MONTASIO<\/h1><div class ='av-subheading av-subheading_below  ' style='font-size:18px;'><p>LA BONT\u00c9 SE PR\u00c9SENTE<\/p>\n<\/div><div class='special-heading-border'><div class='special-heading-inner-border' ><\/div><\/div><\/div>\n<section class=\"av_textblock_section \"  itemscope=\"itemscope\" itemtype=\"https:\/\/schema.org\/CreativeWork\" ><div class='avia_textblock  '   itemprop=\"text\" ><h2 style=\"text-align: center;\">Le fromage Montasio AOP est un produit vraiment inimitable, qui m\u00e9rite d&rsquo;\u00eatre valoris\u00e9 sur le point de vente au b\u00e9n\u00e9fice de tous les consommateurs.<\/h2>\n<p style=\"text-align: center;\">Dans cette courte vid\u00e9o, d\u00e9di\u00e9e aux op\u00e9rateurs de la <strong>GD<\/strong>, nous illustrons les principales caract\u00e9ristiques du <strong>Montasio AOP<\/strong> et sa forme typique, et fournissons quelques suggestions importantes pour le proposer au consommateur final de la meilleure fa\u00e7on possible.<\/p>\n<\/div><\/section>\n<section class=\"av_textblock_section \"  itemscope=\"itemscope\" itemtype=\"https:\/\/schema.org\/CreativeWork\" ><div class='avia_textblock  '   itemprop=\"text\" ><p>Dans cette vid\u00e9o, vous allez d\u00e9couvrir:<\/p>\n<ul>\n<li>Les caract\u00e9ristiques distinctives de ce fromage sp\u00e9cial: la zone de production, le lait frais de qualit\u00e9, la technologie douce et la marque d&rsquo;origine<\/li>\n<li>Les 3 affinages du Montasio: Frais, Demi-vieux et Vieux<\/li>\n<li>Le portrait du Montasio: toutes les informations mentionn\u00e9es sur chaque meule<\/li>\n<li>Les conseils sur la fa\u00e7on de d\u00e9couper le Montasio Frais et le Demi-vieux de mani\u00e8re optimale, et sur la fa\u00e7on de tirer le meilleur parti de sa couleur et de la formation de ses ouvertures<\/li>\n<li>Les conseils pour d\u00e9couper le Montasio Vieux de la meilleure fa\u00e7on possible et pour en faire ressortir la texture<\/li>\n<li>Les diff\u00e9rentes modalit\u00e9s d&#8217;emballage du Montasio AOP et de sa pr\u00e9sentation au comptoir.<\/li>\n<\/ul>\n<\/div><\/section>\n<div  class='avia-video avia-video-16-9   '  itemprop=\"video\" itemtype=\"https:\/\/schema.org\/VideoObject\" ><div class='avia-iframe-wrap'><iframe width=\"1500\" height=\"844\" src=\"https:\/\/www.youtube.com\/embed\/Ycj9Kd9oH44?feature=oembed\" frameborder=\"0\" allow=\"accelerometer; autoplay; clipboard-write; encrypted-media; gyroscope; picture-in-picture\" allowfullscreen><\/iframe><\/div><\/div>\n<div style='padding-bottom:10px; ' class='av-special-heading av-special-heading-h2  blockquote modern-quote modern-centered   '><h2 class='av-special-heading-tag '  itemprop=\"headline\"  >Montasio AOP, une saveur intemporelle.<\/h2><div class='special-heading-border'><div class='special-heading-inner-border' ><\/div><\/div><\/div>\n<div style=' margin-top:0px; margin-bottom:5px;'  class='hr hr-custom hr-center hr-icon-no  '><span class='hr-inner   inner-border-av-border-none' style=' width:50px;' ><span class='hr-inner-style'><\/span><\/span><\/div>\n<div class='avia-button-wrap avia-button-center '><a href='http:\/\/www.montasio.com\/wp-content\/uploads\/2022\/03\/Brochure-GDO-PSR-FVG-x-SITO.pdf'  class='avia-button   avia-icon_select-no avia-color-custom avia-size-x-large avia-position-center '  target=\"_blank\"  style='background-color:#f7e0a3; border-color:#f7e0a3; color:#000000; ' ><span class='avia_iconbox_title' ><strong> T\u00c9L\u00c9CHARGER LA BROCHURE <\/strong><\/span><\/a><\/div>\n<div  data-size='featured'  data-lightbox_size='large'  data-animation='slide'  data-ids='6804'  data-video_counter='0'  data-autoplay='false'  data-bg_slider='false'  data-slide_height=''  data-handle='av_slideshow'  data-interval='5'  data-class=' '  data-css_id=''  data-scroll_down=''  data-control_layout='av-control-default'  data-custom_markup=''  data-perma_caption=''  data-autoplay_stopper=''  data-image_attachment=''  data-min_height='0px'  data-default-height='28.666666666667'  class='avia-slideshow avia-slideshow-1  av-control-default av-default-height-applied avia-slideshow-featured av_slideshow   avia-slide-slider '  itemprop=\"ImageObject\" itemscope=\"itemscope\" itemtype=\"https:\/\/schema.org\/ImageObject\" ><ul class='avia-slideshow-inner' style='padding-bottom: 28.666666666667%;'><li  class=' av-single-slide slide-1 ' ><div data-rel='slideshow-1' class='avia-slide-wrap'  ><img src='https:\/\/www.montasio.com\/wp-content\/uploads\/2022\/03\/link-brochure-GDO-1500x430.jpg' width='1500' height='430' title='link brochure GDO' alt=''  itemprop=\"thumbnailUrl\"   \/><\/div><\/li><\/ul><\/div>\n<div class=\"flex_column av_one_full  flex_column_div av-zero-column-padding first  \" style='border-radius:0px; '><section class=\"av_textblock_section \"  itemscope=\"itemscope\" itemtype=\"https:\/\/schema.org\/CreativeWork\" ><div class='avia_textblock  '   itemprop=\"text\" ><style>.embed-container { position: relative; padding-bottom:56.25%; height:0; overflow: hidden; max-width: 100%!important; } .embed-container iframe, .embed-container object, .embed-container embed { position: absolute; top: 0; left: 0; width: 100%; height: 100%;} <\/style>\n<div id=\"ypembedcontainer\" class=\"embed-container\" data-page-width=\"500\" data-page-height=\"353\"><iframe src=\"https:\/\/www.yumpu.com\/es\/embed\/view\/PTBI7CXuGEbQezHt\" frameborder=\"0\" allowfullscreen=\"allowfullscreen\"><\/iframe><\/div>\n<p><script src='https:\/\/players.yumpu.com\/modules\/embed\/yp_r_iframe.js' ><\/script><\/p>\n<\/div><\/section><\/div>\n","protected":false},"excerpt":{"rendered":"","protected":false},"author":6,"featured_media":0,"parent":0,"menu_order":0,"comment_status":"closed","ping_status":"closed","template":"elementor_header_footer","meta":{"footnotes":""},"acf":[],"_links":{"self":[{"href":"https:\/\/www.montasio.com\/fr\/wp-json\/wp\/v2\/pages\/6787"}],"collection":[{"href":"https:\/\/www.montasio.com\/fr\/wp-json\/wp\/v2\/pages"}],"about":[{"href":"https:\/\/www.montasio.com\/fr\/wp-json\/wp\/v2\/types\/page"}],"author":[{"embeddable":true,"href":"https:\/\/www.montasio.com\/fr\/wp-json\/wp\/v2\/users\/6"}],"replies":[{"embeddable":true,"href":"https:\/\/www.montasio.com\/fr\/wp-json\/wp\/v2\/comments?post=6787"}],"version-history":[{"count":5,"href":"https:\/\/www.montasio.com\/fr\/wp-json\/wp\/v2\/pages\/6787\/revisions"}],"predecessor-version":[{"id":9053,"href":"https:\/\/www.montasio.com\/fr\/wp-json\/wp\/v2\/pages\/6787\/revisions\/9053"}],"wp:attachment":[{"href":"https:\/\/www.montasio.com\/fr\/wp-json\/wp\/v2\/media?parent=6787"}],"curies":[{"name":"wp","href":"https:\/\/api.w.org\/{rel}","templated":true}]}}