{"id":8958,"date":"2023-08-28T15:33:59","date_gmt":"2023-08-28T13:33:59","guid":{"rendered":"https:\/\/dev.aipem.it\/montasio\/les-caracteristiques\/"},"modified":"2023-08-28T15:34:00","modified_gmt":"2023-08-28T13:34:00","slug":"les-caracteristiques","status":"publish","type":"page","link":"https:\/\/www.montasio.com\/fr\/les-caracteristiques\/","title":{"rendered":"Les caract\u00e9ristiques"},"content":{"rendered":"\t\t<div data-elementor-type=\"wp-page\" data-elementor-id=\"8958\" class=\"elementor elementor-8958 elementor-8463\">\n\t\t\t\t\t\t\t\t\t<section class=\"elementor-section elementor-top-section elementor-element elementor-element-4fbe304 elementor-section-height-min-height elementor-section-boxed elementor-section-height-default elementor-section-items-middle\" data-id=\"4fbe304\" data-element_type=\"section\" data-settings=\"{&quot;background_background&quot;:&quot;classic&quot;}\">\n\t\t\t\t\t\t\t<div class=\"elementor-background-overlay\"><\/div>\n\t\t\t\t\t\t\t<div class=\"elementor-container elementor-column-gap-default\">\n\t\t\t\t\t<div class=\"elementor-column elementor-col-100 elementor-top-column elementor-element elementor-element-d2fd8e6\" data-id=\"d2fd8e6\" data-element_type=\"column\">\n\t\t\t<div class=\"elementor-widget-wrap\">\n\t\t\t\t\t\t\t\t\t<\/div>\n\t\t<\/div>\n\t\t\t\t\t\t\t<\/div>\n\t\t<\/section>\n\t\t\t\t<section class=\"elementor-section elementor-top-section elementor-element elementor-element-0d0d357 elementor-section-boxed elementor-section-height-default elementor-section-height-default\" data-id=\"0d0d357\" data-element_type=\"section\">\n\t\t\t\t\t\t<div class=\"elementor-container elementor-column-gap-default\">\n\t\t\t\t\t<div class=\"elementor-column elementor-col-100 elementor-top-column elementor-element elementor-element-519400b\" data-id=\"519400b\" data-element_type=\"column\">\n\t\t\t<div class=\"elementor-widget-wrap elementor-element-populated\">\n\t\t\t\t\t\t\t\t<div class=\"elementor-element elementor-element-a356629 elementor-widget elementor-widget-heading\" data-id=\"a356629\" data-element_type=\"widget\" data-widget_type=\"heading.default\">\n\t\t\t\t<div class=\"elementor-widget-container\">\n\t\t\t<style>\/*! elementor - v3.13.3 - 28-05-2023 *\/\n.elementor-heading-title{padding:0;margin:0;line-height:1}.elementor-widget-heading .elementor-heading-title[class*=elementor-size-]>a{color:inherit;font-size:inherit;line-height:inherit}.elementor-widget-heading .elementor-heading-title.elementor-size-small{font-size:15px}.elementor-widget-heading .elementor-heading-title.elementor-size-medium{font-size:19px}.elementor-widget-heading .elementor-heading-title.elementor-size-large{font-size:29px}.elementor-widget-heading .elementor-heading-title.elementor-size-xl{font-size:39px}.elementor-widget-heading .elementor-heading-title.elementor-size-xxl{font-size:59px}<\/style><h1 class=\"elementor-heading-title elementor-size-default\">Les caract\u00e9ristiques du Montasio<\/h1>\t\t<\/div>\n\t\t\t\t<\/div>\n\t\t\t\t\t<\/div>\n\t\t<\/div>\n\t\t\t\t\t\t\t<\/div>\n\t\t<\/section>\n\t\t\t\t<section class=\"elementor-section elementor-top-section elementor-element elementor-element-eee97cb elementor-section-boxed elementor-section-height-default elementor-section-height-default\" data-id=\"eee97cb\" data-element_type=\"section\">\n\t\t\t\t\t\t<div class=\"elementor-container elementor-column-gap-default\">\n\t\t\t\t\t<div class=\"elementor-column elementor-col-50 elementor-top-column elementor-element elementor-element-6c977d2\" data-id=\"6c977d2\" data-element_type=\"column\">\n\t\t\t<div class=\"elementor-widget-wrap elementor-element-populated\">\n\t\t\t\t\t\t\t\t<div class=\"elementor-element elementor-element-24928e1 elementor-widget elementor-widget-text-editor\" data-id=\"24928e1\" data-element_type=\"widget\" data-widget_type=\"text-editor.default\">\n\t\t\t\t<div class=\"elementor-widget-container\">\n\t\t\t<style>\/*! elementor - v3.13.3 - 28-05-2023 *\/\n.elementor-widget-text-editor.elementor-drop-cap-view-stacked .elementor-drop-cap{background-color:#69727d;color:#fff}.elementor-widget-text-editor.elementor-drop-cap-view-framed .elementor-drop-cap{color:#69727d;border:3px solid;background-color:transparent}.elementor-widget-text-editor:not(.elementor-drop-cap-view-default) .elementor-drop-cap{margin-top:8px}.elementor-widget-text-editor:not(.elementor-drop-cap-view-default) .elementor-drop-cap-letter{width:1em;height:1em}.elementor-widget-text-editor .elementor-drop-cap{float:left;text-align:center;line-height:1;font-size:50px}.elementor-widget-text-editor .elementor-drop-cap-letter{display:inline-block}<\/style>\t\t\t\t<p>Le Montasio est un fromage \u00e0 p\u00e2te semi-dure et cuite, obtenu exclusivement \u00e0 partir de lait de vache produit dans l&rsquo;aire de production.<\/p>\n<p>La p\u00e2te du Montasio pr\u00e9sente une formation oculaire caract\u00e9ristique, homog\u00e8ne sur toute la section, avec de petits yeux r\u00e9guliers et brillants \u00e0 l&rsquo;int\u00e9rieur (\u0153il de perdrix).<\/p>\n<p>Dans le Montasio jeune, la cro\u00fbte est lisse, \u00e9lastique et compacte, de couleur brun clair ; la p\u00e2te est compacte, de couleur blanche ou jaune paille.<\/p>\n<p>Au fur et \u00e0 mesure que la p\u00e9riode d&rsquo;affinage augmente, la cro\u00fbte devient plus s\u00e8che et la p\u00e2te devient granuleuse et friable.<\/p>\n\t\t\t\t\t\t<\/div>\n\t\t\t\t<\/div>\n\t\t\t\t\t<\/div>\n\t\t<\/div>\n\t\t\t\t<div class=\"elementor-column elementor-col-50 elementor-top-column elementor-element elementor-element-a10118a\" data-id=\"a10118a\" data-element_type=\"column\">\n\t\t\t<div class=\"elementor-widget-wrap elementor-element-populated\">\n\t\t\t\t\t\t\t\t<div class=\"elementor-element elementor-element-469b5a3 elementor-widget elementor-widget-image\" data-id=\"469b5a3\" data-element_type=\"widget\" data-widget_type=\"image.default\">\n\t\t\t\t<div class=\"elementor-widget-container\">\n\t\t\t<style>\/*! elementor - v3.13.3 - 28-05-2023 *\/\n.elementor-widget-image{text-align:center}.elementor-widget-image a{display:inline-block}.elementor-widget-image a img[src$=\".svg\"]{width:48px}.elementor-widget-image img{vertical-align:middle;display:inline-block}<\/style>\t\t\t\t\t\t\t\t\t\t\t\t<img decoding=\"async\" loading=\"lazy\" width=\"1030\" height=\"527\" src=\"https:\/\/www.montasio.com\/wp-content\/uploads\/2018\/05\/misto_fette-2-1030x527.jpg\" class=\"attachment-large size-large wp-image-442\" alt=\"\" srcset=\"https:\/\/www.montasio.com\/wp-content\/uploads\/2018\/05\/misto_fette-2-1030x527.jpg 1030w, https:\/\/www.montasio.com\/wp-content\/uploads\/2018\/05\/misto_fette-2-300x154.jpg 300w, https:\/\/www.montasio.com\/wp-content\/uploads\/2018\/05\/misto_fette-2-768x393.jpg 768w, https:\/\/www.montasio.com\/wp-content\/uploads\/2018\/05\/misto_fette-2.jpg 1500w, https:\/\/www.montasio.com\/wp-content\/uploads\/2018\/05\/misto_fette-2-705x361.jpg 705w, https:\/\/www.montasio.com\/wp-content\/uploads\/2018\/05\/misto_fette-2-600x307.jpg 600w\" sizes=\"(max-width: 1030px) 100vw, 1030px\" \/>\t\t\t\t\t\t\t\t\t\t\t\t\t\t\t<\/div>\n\t\t\t\t<\/div>\n\t\t\t\t<div class=\"elementor-element elementor-element-aebabba elementor-widget__width-auto elementor-absolute elementor-widget elementor-widget-image\" data-id=\"aebabba\" data-element_type=\"widget\" data-settings=\"{&quot;_position&quot;:&quot;absolute&quot;}\" data-widget_type=\"image.default\">\n\t\t\t\t<div class=\"elementor-widget-container\">\n\t\t\t\t\t\t\t\t\t\t\t\t\t\t\t<img decoding=\"async\" loading=\"lazy\" width=\"415\" height=\"503\" src=\"https:\/\/www.montasio.com\/wp-content\/uploads\/2023\/07\/senzalattosio-pos.png\" class=\"attachment-large size-large wp-image-8713\" alt=\"\" srcset=\"https:\/\/www.montasio.com\/wp-content\/uploads\/2023\/07\/senzalattosio-pos.png 415w, https:\/\/www.montasio.com\/wp-content\/uploads\/2023\/07\/senzalattosio-pos-248x300.png 248w\" sizes=\"(max-width: 415px) 100vw, 415px\" \/>\t\t\t\t\t\t\t\t\t\t\t\t\t\t\t<\/div>\n\t\t\t\t<\/div>\n\t\t\t\t\t<\/div>\n\t\t<\/div>\n\t\t\t\t\t\t\t<\/div>\n\t\t<\/section>\n\t\t\t\t<section class=\"elementor-section elementor-top-section elementor-element elementor-element-ce5422b elementor-section-boxed elementor-section-height-default elementor-section-height-default\" data-id=\"ce5422b\" data-element_type=\"section\">\n\t\t\t\t\t\t<div class=\"elementor-container elementor-column-gap-default\">\n\t\t\t\t\t<div class=\"elementor-column elementor-col-50 elementor-top-column elementor-element elementor-element-d2f67d6\" data-id=\"d2f67d6\" data-element_type=\"column\">\n\t\t\t<div class=\"elementor-widget-wrap elementor-element-populated\">\n\t\t\t\t\t\t\t\t<div class=\"elementor-element elementor-element-31c238d elementor-widget elementor-widget-image\" data-id=\"31c238d\" data-element_type=\"widget\" data-widget_type=\"image.default\">\n\t\t\t\t<div class=\"elementor-widget-container\">\n\t\t\t\t\t\t\t\t\t\t\t\t\t\t\t<img decoding=\"async\" loading=\"lazy\" width=\"882\" height=\"1030\" src=\"https:\/\/www.montasio.com\/wp-content\/uploads\/2018\/05\/marchio-882x1030.jpg\" class=\"attachment-large size-large wp-image-431\" alt=\"\" srcset=\"https:\/\/www.montasio.com\/wp-content\/uploads\/2018\/05\/marchio-882x1030.jpg 882w, https:\/\/www.montasio.com\/wp-content\/uploads\/2018\/05\/marchio-257x300.jpg 257w, https:\/\/www.montasio.com\/wp-content\/uploads\/2018\/05\/marchio-768x897.jpg 768w, https:\/\/www.montasio.com\/wp-content\/uploads\/2018\/05\/marchio-1284x1500.jpg 1284w, https:\/\/www.montasio.com\/wp-content\/uploads\/2018\/05\/marchio-604x705.jpg 604w, https:\/\/www.montasio.com\/wp-content\/uploads\/2018\/05\/marchio-600x701.jpg 600w, https:\/\/www.montasio.com\/wp-content\/uploads\/2018\/05\/marchio.jpg 1472w\" sizes=\"(max-width: 882px) 100vw, 882px\" \/>\t\t\t\t\t\t\t\t\t\t\t\t\t\t\t<\/div>\n\t\t\t\t<\/div>\n\t\t\t\t\t<\/div>\n\t\t<\/div>\n\t\t\t\t<div class=\"elementor-column elementor-col-50 elementor-top-column elementor-element elementor-element-d7f3764\" data-id=\"d7f3764\" data-element_type=\"column\">\n\t\t\t<div class=\"elementor-widget-wrap elementor-element-populated\">\n\t\t\t\t\t\t\t\t<div class=\"elementor-element elementor-element-fb69e46 elementor-widget elementor-widget-heading\" data-id=\"fb69e46\" data-element_type=\"widget\" data-widget_type=\"heading.default\">\n\t\t\t\t<div class=\"elementor-widget-container\">\n\t\t\t<h2 class=\"elementor-heading-title elementor-size-default\">Les fromages Montasio sont identifi\u00e9s par les marques d'origine, qui sont appos\u00e9es sur le talon de la meule en r\u00e9p\u00e9tant obliquement le mot \"Montasio\".<\/h2>\t\t<\/div>\n\t\t\t\t<\/div>\n\t\t\t\t<div class=\"elementor-element elementor-element-2231d67 elementor-widget elementor-widget-text-editor\" data-id=\"2231d67\" data-element_type=\"widget\" data-widget_type=\"text-editor.default\">\n\t\t\t\t<div class=\"elementor-widget-container\">\n\t\t\t\t\t\t\t<p>Une deuxi\u00e8me marque, la marque de qualit\u00e9, appos\u00e9e par la commission du Consortium, identifie le produit \u00e2g\u00e9 de plus de 100 jours et exempt de tout d\u00e9faut d&rsquo;affinage.<\/p>\n<p>Le talon porte la date de production et le code du producteur.<\/p>\n<p>Compte tenu de sa technique de production, le Montasio est un fromage qui met en \u00e9vidence les caract\u00e9ristiques d&rsquo;un traitement d\u00e9licat qui respecte la r\u00e9alit\u00e9 bact\u00e9rienne et microbiologique du lait.<\/p>\n<p>Les saveurs et les qualit\u00e9s sont donc celles d&rsquo;un fromage au go\u00fbt doux et d\u00e9licat, qui ne provoque pas de sensations gustatives ou olfactives violentes ou choquantes.<\/p>\n\t\t\t\t\t\t<\/div>\n\t\t\t\t<\/div>\n\t\t\t\t\t<\/div>\n\t\t<\/div>\n\t\t\t\t\t\t\t<\/div>\n\t\t<\/section>\n\t\t\t\t\t\t\t<\/div>\n\t\t","protected":false},"excerpt":{"rendered":"<p>Les caract\u00e9ristiques du Montasio Le Montasio est un fromage \u00e0 p\u00e2te semi-dure et cuite, obtenu exclusivement \u00e0 partir de lait de vache produit dans l&rsquo;aire de production. La p\u00e2te du Montasio pr\u00e9sente une formation oculaire caract\u00e9ristique, homog\u00e8ne sur toute la section, avec de petits yeux r\u00e9guliers et brillants \u00e0 l&rsquo;int\u00e9rieur (\u0153il de perdrix). Dans le [&hellip;]<\/p>\n","protected":false},"author":6,"featured_media":0,"parent":0,"menu_order":0,"comment_status":"closed","ping_status":"closed","template":"elementor_header_footer","meta":{"footnotes":""},"acf":[],"_links":{"self":[{"href":"https:\/\/www.montasio.com\/fr\/wp-json\/wp\/v2\/pages\/8958"}],"collection":[{"href":"https:\/\/www.montasio.com\/fr\/wp-json\/wp\/v2\/pages"}],"about":[{"href":"https:\/\/www.montasio.com\/fr\/wp-json\/wp\/v2\/types\/page"}],"author":[{"embeddable":true,"href":"https:\/\/www.montasio.com\/fr\/wp-json\/wp\/v2\/users\/6"}],"replies":[{"embeddable":true,"href":"https:\/\/www.montasio.com\/fr\/wp-json\/wp\/v2\/comments?post=8958"}],"version-history":[{"count":1,"href":"https:\/\/www.montasio.com\/fr\/wp-json\/wp\/v2\/pages\/8958\/revisions"}],"predecessor-version":[{"id":8959,"href":"https:\/\/www.montasio.com\/fr\/wp-json\/wp\/v2\/pages\/8958\/revisions\/8959"}],"wp:attachment":[{"href":"https:\/\/www.montasio.com\/fr\/wp-json\/wp\/v2\/media?parent=8958"}],"curies":[{"name":"wp","href":"https:\/\/api.w.org\/{rel}","templated":true}]}}