{"id":8970,"date":"2023-08-28T17:22:19","date_gmt":"2023-08-28T15:22:19","guid":{"rendered":"https:\/\/dev.aipem.it\/montasio\/shop\/"},"modified":"2023-08-28T17:22:20","modified_gmt":"2023-08-28T15:22:20","slug":"shop","status":"publish","type":"page","link":"https:\/\/www.montasio.com\/fr\/shop\/","title":{"rendered":"Shop"},"content":{"rendered":"\t\t<div data-elementor-type=\"wp-page\" data-elementor-id=\"8970\" class=\"elementor elementor-8970 elementor-8243\">\n\t\t\t\t\t\t\t\t\t<section class=\"elementor-section elementor-top-section elementor-element elementor-element-a28a3bc elementor-section-height-min-height elementor-section-boxed elementor-section-height-default elementor-section-items-middle\" data-id=\"a28a3bc\" data-element_type=\"section\" data-settings=\"{&quot;background_background&quot;:&quot;classic&quot;}\">\n\t\t\t\t\t\t<div class=\"elementor-container elementor-column-gap-default\">\n\t\t\t\t\t<div class=\"elementor-column elementor-col-100 elementor-top-column elementor-element elementor-element-974f0b0\" data-id=\"974f0b0\" data-element_type=\"column\">\n\t\t\t<div class=\"elementor-widget-wrap\">\n\t\t\t\t\t\t\t\t\t<\/div>\n\t\t<\/div>\n\t\t\t\t\t\t\t<\/div>\n\t\t<\/section>\n\t\t\t\t<section class=\"elementor-section elementor-top-section elementor-element elementor-element-ca24dc0 elementor-section-boxed elementor-section-height-default elementor-section-height-default\" data-id=\"ca24dc0\" data-element_type=\"section\">\n\t\t\t\t\t\t<div class=\"elementor-container elementor-column-gap-default\">\n\t\t\t\t\t<div class=\"elementor-column elementor-col-100 elementor-top-column elementor-element elementor-element-b9a98b8\" data-id=\"b9a98b8\" data-element_type=\"column\">\n\t\t\t<div class=\"elementor-widget-wrap elementor-element-populated\">\n\t\t\t\t\t\t\t\t<div class=\"elementor-element elementor-element-b263c60 elementor-widget elementor-widget-heading\" data-id=\"b263c60\" data-element_type=\"widget\" data-widget_type=\"heading.default\">\n\t\t\t\t<div class=\"elementor-widget-container\">\n\t\t\t<style>\/*! elementor - v3.13.3 - 28-05-2023 *\/\n.elementor-heading-title{padding:0;margin:0;line-height:1}.elementor-widget-heading .elementor-heading-title[class*=elementor-size-]>a{color:inherit;font-size:inherit;line-height:inherit}.elementor-widget-heading .elementor-heading-title.elementor-size-small{font-size:15px}.elementor-widget-heading .elementor-heading-title.elementor-size-medium{font-size:19px}.elementor-widget-heading .elementor-heading-title.elementor-size-large{font-size:29px}.elementor-widget-heading .elementor-heading-title.elementor-size-xl{font-size:39px}.elementor-widget-heading .elementor-heading-title.elementor-size-xxl{font-size:59px}<\/style><h1 class=\"elementor-heading-title elementor-size-default\">Le fromage Montasio peut \u00e9galement \u00eatre achet\u00e9 en ligne !<\/h1>\t\t<\/div>\n\t\t\t\t<\/div>\n\t\t\t\t\t<\/div>\n\t\t<\/div>\n\t\t\t\t\t\t\t<\/div>\n\t\t<\/section>\n\t\t\t\t<section class=\"elementor-section elementor-top-section elementor-element elementor-element-f669d2a elementor-section-boxed elementor-section-height-default elementor-section-height-default\" data-id=\"f669d2a\" data-element_type=\"section\">\n\t\t\t\t\t\t<div class=\"elementor-container elementor-column-gap-default\">\n\t\t\t\t\t<div class=\"elementor-column elementor-col-50 elementor-top-column elementor-element elementor-element-a87e142\" data-id=\"a87e142\" data-element_type=\"column\">\n\t\t\t<div class=\"elementor-widget-wrap elementor-element-populated\">\n\t\t\t\t\t\t\t\t<div class=\"elementor-element elementor-element-e0e4b67 elementor-widget elementor-widget-image\" data-id=\"e0e4b67\" data-element_type=\"widget\" data-widget_type=\"image.default\">\n\t\t\t\t<div class=\"elementor-widget-container\">\n\t\t\t<style>\/*! elementor - v3.13.3 - 28-05-2023 *\/\n.elementor-widget-image{text-align:center}.elementor-widget-image a{display:inline-block}.elementor-widget-image a img[src$=\".svg\"]{width:48px}.elementor-widget-image img{vertical-align:middle;display:inline-block}<\/style>\t\t\t\t\t\t\t\t\t\t\t\t<img decoding=\"async\" loading=\"lazy\" width=\"570\" height=\"784\" src=\"https:\/\/www.montasio.com\/wp-content\/uploads\/2023\/05\/venditaonline.jpg\" class=\"attachment-large size-large wp-image-8254\" alt=\"\" srcset=\"https:\/\/www.montasio.com\/wp-content\/uploads\/2023\/05\/venditaonline.jpg 570w, https:\/\/www.montasio.com\/wp-content\/uploads\/2023\/05\/venditaonline-218x300.jpg 218w, https:\/\/www.montasio.com\/wp-content\/uploads\/2023\/05\/venditaonline-513x705.jpg 513w, https:\/\/www.montasio.com\/wp-content\/uploads\/2023\/05\/venditaonline-450x619.jpg 450w\" sizes=\"(max-width: 570px) 100vw, 570px\" \/>\t\t\t\t\t\t\t\t\t\t\t\t\t\t\t<\/div>\n\t\t\t\t<\/div>\n\t\t\t\t\t<\/div>\n\t\t<\/div>\n\t\t\t\t<div class=\"elementor-column elementor-col-50 elementor-top-column elementor-element elementor-element-3779371\" data-id=\"3779371\" data-element_type=\"column\">\n\t\t\t<div class=\"elementor-widget-wrap elementor-element-populated\">\n\t\t\t\t\t\t\t\t<div class=\"elementor-element elementor-element-7d60345 elementor-widget elementor-widget-text-editor\" data-id=\"7d60345\" data-element_type=\"widget\" data-widget_type=\"text-editor.default\">\n\t\t\t\t<div class=\"elementor-widget-container\">\n\t\t\t<style>\/*! elementor - v3.13.3 - 28-05-2023 *\/\n.elementor-widget-text-editor.elementor-drop-cap-view-stacked .elementor-drop-cap{background-color:#69727d;color:#fff}.elementor-widget-text-editor.elementor-drop-cap-view-framed .elementor-drop-cap{color:#69727d;border:3px solid;background-color:transparent}.elementor-widget-text-editor:not(.elementor-drop-cap-view-default) .elementor-drop-cap{margin-top:8px}.elementor-widget-text-editor:not(.elementor-drop-cap-view-default) .elementor-drop-cap-letter{width:1em;height:1em}.elementor-widget-text-editor .elementor-drop-cap{float:left;text-align:center;line-height:1;font-size:50px}.elementor-widget-text-editor .elementor-drop-cap-letter{display:inline-block}<\/style>\t\t\t\t<p>Le Montasio DOP est un produit d&rsquo;excellence de la gastronomie italienne. Il s&rsquo;agit d&rsquo;un fromage \u00e0 p\u00e2te demi-dure, cuite, avec de petits yeux homog\u00e8nes sur toute la section.<\/p>\n<p>Le Montasio se d\u00e9cline en 4 phases d&rsquo;affinage : frais, moyen, affin\u00e9 et extra-affin\u00e9, chacune avec une nuance de go\u00fbt particuli\u00e8re.<\/p>\n<p>\u00c0 partir de 2 mois d&rsquo;affinage, le Montasio est naturellement d\u00e9pourvu de lactose et peut donc \u00eatre consomm\u00e9 par les personnes allergiques \u00e0 ce sucre.<\/p>\n<p>Ce produit du terroir peut \u00e9galement \u00eatre achet\u00e9 sur Internet. Vous trouverez ci-dessous la liste des membres du consortium qui vendent le fromage Montasio en ligne :<\/p>\n\t\t\t\t\t\t<\/div>\n\t\t\t\t<\/div>\n\t\t\t\t<section class=\"elementor-section elementor-inner-section elementor-element elementor-element-9437e2a elementor-section-boxed elementor-section-height-default elementor-section-height-default\" data-id=\"9437e2a\" data-element_type=\"section\">\n\t\t\t\t\t\t<div class=\"elementor-container elementor-column-gap-default\">\n\t\t\t\t\t<div class=\"elementor-column elementor-col-33 elementor-inner-column elementor-element elementor-element-a370c89\" data-id=\"a370c89\" data-element_type=\"column\">\n\t\t\t<div class=\"elementor-widget-wrap elementor-element-populated\">\n\t\t\t\t\t\t\t\t<div class=\"elementor-element elementor-element-96c0610 elementor-widget elementor-widget-image\" data-id=\"96c0610\" data-element_type=\"widget\" data-widget_type=\"image.default\">\n\t\t\t\t<div class=\"elementor-widget-container\">\n\t\t\t\t\t\t\t\t\t\t\t\t\t\t\t\t<a href=\"https:\/\/shop.lattebusche.com\/it\/formaggi\/montasio-dop.html\" target=\"_blank\">\n\t\t\t\t\t\t\t<img decoding=\"async\" loading=\"lazy\" width=\"286\" height=\"304\" src=\"https:\/\/www.montasio.com\/wp-content\/uploads\/2023\/05\/Raggruppa-7381.jpg\" class=\"attachment-large size-large wp-image-8262\" alt=\"\" srcset=\"https:\/\/www.montasio.com\/wp-content\/uploads\/2023\/05\/Raggruppa-7381.jpg 286w, https:\/\/www.montasio.com\/wp-content\/uploads\/2023\/05\/Raggruppa-7381-282x300.jpg 282w\" sizes=\"(max-width: 286px) 100vw, 286px\" \/>\t\t\t\t\t\t\t\t<\/a>\n\t\t\t\t\t\t\t\t\t\t\t\t\t\t\t<\/div>\n\t\t\t\t<\/div>\n\t\t\t\t\t<\/div>\n\t\t<\/div>\n\t\t\t\t<div class=\"elementor-column elementor-col-33 elementor-inner-column elementor-element elementor-element-608b487\" data-id=\"608b487\" data-element_type=\"column\">\n\t\t\t<div class=\"elementor-widget-wrap elementor-element-populated\">\n\t\t\t\t\t\t\t\t<div class=\"elementor-element elementor-element-d7f90bc elementor-widget elementor-widget-image\" data-id=\"d7f90bc\" data-element_type=\"widget\" data-widget_type=\"image.default\">\n\t\t\t\t<div class=\"elementor-widget-container\">\n\t\t\t\t\t\t\t\t\t\t\t\t\t\t\t\t<a href=\"https:\/\/aziendaagricolalasisile.it\/azienda-agricola-la-sisile\/prodotti-biologici\/formaggi-stagionati-biologici\/\" target=\"_blank\">\n\t\t\t\t\t\t\t<img decoding=\"async\" loading=\"lazy\" width=\"286\" height=\"304\" src=\"https:\/\/www.montasio.com\/wp-content\/uploads\/2023\/05\/Raggruppa-7375.jpg\" class=\"attachment-large size-large wp-image-8266\" alt=\"\" srcset=\"https:\/\/www.montasio.com\/wp-content\/uploads\/2023\/05\/Raggruppa-7375.jpg 286w, https:\/\/www.montasio.com\/wp-content\/uploads\/2023\/05\/Raggruppa-7375-282x300.jpg 282w\" sizes=\"(max-width: 286px) 100vw, 286px\" \/>\t\t\t\t\t\t\t\t<\/a>\n\t\t\t\t\t\t\t\t\t\t\t\t\t\t\t<\/div>\n\t\t\t\t<\/div>\n\t\t\t\t\t<\/div>\n\t\t<\/div>\n\t\t\t\t<div class=\"elementor-column elementor-col-33 elementor-inner-column elementor-element elementor-element-1b0b9f4\" data-id=\"1b0b9f4\" data-element_type=\"column\">\n\t\t\t<div class=\"elementor-widget-wrap elementor-element-populated\">\n\t\t\t\t\t\t\t\t<div class=\"elementor-element elementor-element-e525975 elementor-widget elementor-widget-image\" data-id=\"e525975\" data-element_type=\"widget\" data-widget_type=\"image.default\">\n\t\t\t\t<div class=\"elementor-widget-container\">\n\t\t\t\t\t\t\t\t\t\t\t\t\t\t\t\t<a href=\"https:\/\/fattoriefriulane.it\/categoria-prodotto\/formaggi\/filtro-territorio-dop\/\" target=\"_blank\">\n\t\t\t\t\t\t\t<img decoding=\"async\" loading=\"lazy\" width=\"286\" height=\"304\" src=\"https:\/\/www.montasio.com\/wp-content\/uploads\/2023\/05\/Raggruppa-7376.jpg\" class=\"attachment-large size-large wp-image-8258\" alt=\"\" srcset=\"https:\/\/www.montasio.com\/wp-content\/uploads\/2023\/05\/Raggruppa-7376.jpg 286w, https:\/\/www.montasio.com\/wp-content\/uploads\/2023\/05\/Raggruppa-7376-282x300.jpg 282w\" sizes=\"(max-width: 286px) 100vw, 286px\" \/>\t\t\t\t\t\t\t\t<\/a>\n\t\t\t\t\t\t\t\t\t\t\t\t\t\t\t<\/div>\n\t\t\t\t<\/div>\n\t\t\t\t\t<\/div>\n\t\t<\/div>\n\t\t\t\t\t\t\t<\/div>\n\t\t<\/section>\n\t\t\t\t\t<\/div>\n\t\t<\/div>\n\t\t\t\t\t\t\t<\/div>\n\t\t<\/section>\n\t\t\t\t\t\t\t<\/div>\n\t\t","protected":false},"excerpt":{"rendered":"<p>Le fromage Montasio peut \u00e9galement \u00eatre achet\u00e9 en ligne ! Le Montasio DOP est un produit d&rsquo;excellence de la gastronomie italienne. Il s&rsquo;agit d&rsquo;un fromage \u00e0 p\u00e2te demi-dure, cuite, avec de petits yeux homog\u00e8nes sur toute la section. Le Montasio se d\u00e9cline en 4 phases d&rsquo;affinage : frais, moyen, affin\u00e9 et extra-affin\u00e9, chacune avec une [&hellip;]<\/p>\n","protected":false},"author":6,"featured_media":0,"parent":0,"menu_order":0,"comment_status":"closed","ping_status":"closed","template":"elementor_header_footer","meta":{"footnotes":""},"acf":[],"_links":{"self":[{"href":"https:\/\/www.montasio.com\/fr\/wp-json\/wp\/v2\/pages\/8970"}],"collection":[{"href":"https:\/\/www.montasio.com\/fr\/wp-json\/wp\/v2\/pages"}],"about":[{"href":"https:\/\/www.montasio.com\/fr\/wp-json\/wp\/v2\/types\/page"}],"author":[{"embeddable":true,"href":"https:\/\/www.montasio.com\/fr\/wp-json\/wp\/v2\/users\/6"}],"replies":[{"embeddable":true,"href":"https:\/\/www.montasio.com\/fr\/wp-json\/wp\/v2\/comments?post=8970"}],"version-history":[{"count":1,"href":"https:\/\/www.montasio.com\/fr\/wp-json\/wp\/v2\/pages\/8970\/revisions"}],"predecessor-version":[{"id":8971,"href":"https:\/\/www.montasio.com\/fr\/wp-json\/wp\/v2\/pages\/8970\/revisions\/8971"}],"wp:attachment":[{"href":"https:\/\/www.montasio.com\/fr\/wp-json\/wp\/v2\/media?parent=8970"}],"curies":[{"name":"wp","href":"https:\/\/api.w.org\/{rel}","templated":true}]}}