{"id":8976,"date":"2023-08-28T17:28:59","date_gmt":"2023-08-28T15:28:59","guid":{"rendered":"https:\/\/dev.aipem.it\/montasio\/laire-de-production\/"},"modified":"2023-08-28T17:29:00","modified_gmt":"2023-08-28T15:29:00","slug":"laire-de-production","status":"publish","type":"page","link":"https:\/\/www.montasio.com\/fr\/laire-de-production\/","title":{"rendered":"L\u2019aire de production"},"content":{"rendered":"\t\t<div data-elementor-type=\"wp-page\" data-elementor-id=\"8976\" class=\"elementor elementor-8976 elementor-8481\">\n\t\t\t\t\t\t\t\t\t<section class=\"elementor-section elementor-top-section elementor-element elementor-element-4fbe304 elementor-section-height-min-height elementor-section-boxed elementor-section-height-default elementor-section-items-middle\" data-id=\"4fbe304\" data-element_type=\"section\" data-settings=\"{&quot;background_background&quot;:&quot;classic&quot;}\">\n\t\t\t\t\t\t<div class=\"elementor-container elementor-column-gap-default\">\n\t\t\t\t\t<div class=\"elementor-column elementor-col-100 elementor-top-column elementor-element elementor-element-d2fd8e6\" data-id=\"d2fd8e6\" data-element_type=\"column\">\n\t\t\t<div class=\"elementor-widget-wrap\">\n\t\t\t\t\t\t\t\t\t<\/div>\n\t\t<\/div>\n\t\t\t\t\t\t\t<\/div>\n\t\t<\/section>\n\t\t\t\t<section class=\"elementor-section elementor-top-section elementor-element elementor-element-0d0d357 elementor-section-boxed elementor-section-height-default elementor-section-height-default\" data-id=\"0d0d357\" data-element_type=\"section\">\n\t\t\t\t\t\t<div class=\"elementor-container elementor-column-gap-default\">\n\t\t\t\t\t<div class=\"elementor-column elementor-col-100 elementor-top-column elementor-element elementor-element-519400b\" data-id=\"519400b\" data-element_type=\"column\">\n\t\t\t<div class=\"elementor-widget-wrap\">\n\t\t\t\t\t\t\t\t\t<\/div>\n\t\t<\/div>\n\t\t\t\t\t\t\t<\/div>\n\t\t<\/section>\n\t\t\t\t<section class=\"elementor-section elementor-top-section elementor-element elementor-element-eee97cb elementor-section-boxed elementor-section-height-default elementor-section-height-default\" data-id=\"eee97cb\" data-element_type=\"section\">\n\t\t\t\t\t\t<div class=\"elementor-container elementor-column-gap-default\">\n\t\t\t\t\t<div class=\"elementor-column elementor-col-50 elementor-top-column elementor-element elementor-element-a10118a\" data-id=\"a10118a\" data-element_type=\"column\">\n\t\t\t<div class=\"elementor-widget-wrap elementor-element-populated\">\n\t\t\t\t\t\t\t\t<div class=\"elementor-element elementor-element-469b5a3 elementor-widget__width-initial elementor-widget elementor-widget-image\" data-id=\"469b5a3\" data-element_type=\"widget\" data-widget_type=\"image.default\">\n\t\t\t\t<div class=\"elementor-widget-container\">\n\t\t\t<style>\/*! elementor - v3.13.3 - 28-05-2023 *\/\n.elementor-widget-image{text-align:center}.elementor-widget-image a{display:inline-block}.elementor-widget-image a img[src$=\".svg\"]{width:48px}.elementor-widget-image img{vertical-align:middle;display:inline-block}<\/style>\t\t\t\t\t\t\t\t\t\t\t\t<img decoding=\"async\" loading=\"lazy\" width=\"1000\" height=\"696\" src=\"https:\/\/www.montasio.com\/wp-content\/uploads\/2018\/06\/mountain.jpg\" class=\"attachment-large size-large wp-image-813\" alt=\"\" srcset=\"https:\/\/www.montasio.com\/wp-content\/uploads\/2018\/06\/mountain.jpg 1000w, https:\/\/www.montasio.com\/wp-content\/uploads\/2018\/06\/mountain-300x209.jpg 300w, https:\/\/www.montasio.com\/wp-content\/uploads\/2018\/06\/mountain-768x535.jpg 768w, https:\/\/www.montasio.com\/wp-content\/uploads\/2018\/06\/mountain-705x491.jpg 705w, https:\/\/www.montasio.com\/wp-content\/uploads\/2018\/06\/mountain-600x418.jpg 600w\" sizes=\"(max-width: 1000px) 100vw, 1000px\" \/>\t\t\t\t\t\t\t\t\t\t\t\t\t\t\t<\/div>\n\t\t\t\t<\/div>\n\t\t\t\t\t<\/div>\n\t\t<\/div>\n\t\t\t\t<div class=\"elementor-column elementor-col-50 elementor-top-column elementor-element elementor-element-6c977d2\" data-id=\"6c977d2\" data-element_type=\"column\">\n\t\t\t<div class=\"elementor-widget-wrap elementor-element-populated\">\n\t\t\t\t\t\t\t\t<div class=\"elementor-element elementor-element-a356629 elementor-widget elementor-widget-heading\" data-id=\"a356629\" data-element_type=\"widget\" data-widget_type=\"heading.default\">\n\t\t\t\t<div class=\"elementor-widget-container\">\n\t\t\t<style>\/*! elementor - v3.13.3 - 28-05-2023 *\/\n.elementor-heading-title{padding:0;margin:0;line-height:1}.elementor-widget-heading .elementor-heading-title[class*=elementor-size-]>a{color:inherit;font-size:inherit;line-height:inherit}.elementor-widget-heading .elementor-heading-title.elementor-size-small{font-size:15px}.elementor-widget-heading .elementor-heading-title.elementor-size-medium{font-size:19px}.elementor-widget-heading .elementor-heading-title.elementor-size-large{font-size:29px}.elementor-widget-heading .elementor-heading-title.elementor-size-xl{font-size:39px}.elementor-widget-heading .elementor-heading-title.elementor-size-xxl{font-size:59px}<\/style><h1 class=\"elementor-heading-title elementor-size-default\">La fili\u00e8re de production<\/h1>\t\t<\/div>\n\t\t\t\t<\/div>\n\t\t\t\t<div class=\"elementor-element elementor-element-24928e1 elementor-widget elementor-widget-text-editor\" data-id=\"24928e1\" data-element_type=\"widget\" data-widget_type=\"text-editor.default\">\n\t\t\t\t<div class=\"elementor-widget-container\">\n\t\t\t<style>\/*! elementor - v3.13.3 - 28-05-2023 *\/\n.elementor-widget-text-editor.elementor-drop-cap-view-stacked .elementor-drop-cap{background-color:#69727d;color:#fff}.elementor-widget-text-editor.elementor-drop-cap-view-framed .elementor-drop-cap{color:#69727d;border:3px solid;background-color:transparent}.elementor-widget-text-editor:not(.elementor-drop-cap-view-default) .elementor-drop-cap{margin-top:8px}.elementor-widget-text-editor:not(.elementor-drop-cap-view-default) .elementor-drop-cap-letter{width:1em;height:1em}.elementor-widget-text-editor .elementor-drop-cap{float:left;text-align:center;line-height:1;font-size:50px}.elementor-widget-text-editor .elementor-drop-cap-letter{display:inline-block}<\/style>\t\t\t\t<p>Le fromage Montasio est produit dans les r\u00e9gions suivantes :<\/p>\n<p><strong>Frioul-V\u00e9n\u00e9tie Julienne :<br \/><\/strong> sur l\u2019ensemble du territoire des provinces d\u2019Udine, Pordenone, Gorizia et Trieste<\/p>\n<p><strong>V\u00e9n\u00e9tie :<br \/><\/strong> sur l\u2019ensemble du territoire des provinces de Tr\u00e9vise et de Belluno et sur une partie du territoire des provinces de Venise et de Padoue.<\/p>\n\t\t\t\t\t\t<\/div>\n\t\t\t\t<\/div>\n\t\t\t\t\t<\/div>\n\t\t<\/div>\n\t\t\t\t\t\t\t<\/div>\n\t\t<\/section>\n\t\t\t\t\t\t\t<\/div>\n\t\t","protected":false},"excerpt":{"rendered":"<p>La fili\u00e8re de production Le fromage Montasio est produit dans les r\u00e9gions suivantes : Frioul-V\u00e9n\u00e9tie Julienne : sur l\u2019ensemble du territoire des provinces d\u2019Udine, Pordenone, Gorizia et Trieste V\u00e9n\u00e9tie : sur l\u2019ensemble du territoire des provinces de Tr\u00e9vise et de Belluno et sur une partie du territoire des provinces de Venise et de Padoue.<\/p>\n","protected":false},"author":6,"featured_media":0,"parent":0,"menu_order":0,"comment_status":"closed","ping_status":"closed","template":"elementor_header_footer","meta":{"footnotes":""},"acf":[],"_links":{"self":[{"href":"https:\/\/www.montasio.com\/fr\/wp-json\/wp\/v2\/pages\/8976"}],"collection":[{"href":"https:\/\/www.montasio.com\/fr\/wp-json\/wp\/v2\/pages"}],"about":[{"href":"https:\/\/www.montasio.com\/fr\/wp-json\/wp\/v2\/types\/page"}],"author":[{"embeddable":true,"href":"https:\/\/www.montasio.com\/fr\/wp-json\/wp\/v2\/users\/6"}],"replies":[{"embeddable":true,"href":"https:\/\/www.montasio.com\/fr\/wp-json\/wp\/v2\/comments?post=8976"}],"version-history":[{"count":1,"href":"https:\/\/www.montasio.com\/fr\/wp-json\/wp\/v2\/pages\/8976\/revisions"}],"predecessor-version":[{"id":8977,"href":"https:\/\/www.montasio.com\/fr\/wp-json\/wp\/v2\/pages\/8976\/revisions\/8977"}],"wp:attachment":[{"href":"https:\/\/www.montasio.com\/fr\/wp-json\/wp\/v2\/media?parent=8976"}],"curies":[{"name":"wp","href":"https:\/\/api.w.org\/{rel}","templated":true}]}}